{"id":2588,"date":"2020-11-03T14:16:29","date_gmt":"2020-11-03T12:16:29","guid":{"rendered":"https:\/\/casamiraes.agenciatlc.dev\/producto\/cadiz-marzipan-bread\/"},"modified":"2025-10-31T16:03:19","modified_gmt":"2025-10-31T15:03:19","slug":"cadiz-marzipan-bread","status":"publish","type":"product","link":"https:\/\/casamiraes.agenciatlc.dev\/en\/product\/cadiz-marzipan-bread\/","title":{"rendered":"Bread from C\u00e1diz"},"content":{"rendered":"<p>INGREDIENTS: Almond 40%, sugar 40%, candied yolk 14% (egg yolk 50%, sugar 46% and glucose 4%) sweet potato 6% (sweet potato 50%, sugar 45%, glucose 5% and ascorbic acid E-200).<\/p>\n<p>STORAGE: Room temperature\/Fresh and dry.<\/p>\n<p>SHELF LIFE: 45 days<\/p>\n<p>PRESENTATION: Bars of 6 Kg approx.<\/p>\n<p>PACKAGING: Bulk\/Weight.<\/p>\n<p>Net weight: 250gr, 500gr, 1000gr.<\/p>\n<p>PUM: 49\u20ac\/kg<\/p>\n","protected":false},"excerpt":{"rendered":"<p>Baked marzipan nougat filled with candied yolk and sweet potato. Made with Marcona almonds.<\/p>\n<p>&nbsp;<\/p>\n","protected":false},"featured_media":2718,"template":"","meta":{"_acf_changed":false,"_glsr_average":0,"_glsr_ranking":0,"_glsr_reviews":0},"categoria":[],"product_brand":[],"product_cat":[160],"product_tag":[168,177,221,237],"class_list":{"0":"post-2588","1":"product","2":"type-product","3":"status-publish","4":"has-post-thumbnail","6":"product_cat-nougat","7":"product_tag-marcona-almond","8":"product_tag-sweet-potato","9":"product_tag-cadiz-bread","10":"product_tag-candied-yolk","12":"first","13":"instock","14":"taxable","15":"shipping-taxable","16":"purchasable","17":"product-type-variable"},"acf":[],"yoast_head":"<!-- This site is optimized with the Yoast SEO plugin v26.1.1 - https:\/\/yoast.com\/wordpress\/plugins\/seo\/ -->\n<title>Buy %Bread from C\u00e1diz online | Artisan nougats |% Casa Mira%<\/title>\n<meta name=\"description\" content=\"En nuestra tienda online podr\u00e1s comprar Bread from C\u00e1diz artesano, adem\u00e1s de un gran surtido de turrones, mazapanes, peladillas, etc.\" \/>\n<meta name=\"robots\" content=\"index, follow, max-snippet:-1, max-image-preview:large, max-video-preview:-1\" \/>\n<link rel=\"canonical\" href=\"https:\/\/casamiraes.agenciatlc.dev\/en\/product\/cadiz-marzipan-bread\/\" \/>\n<meta property=\"og:locale\" content=\"en_US\" \/>\n<meta property=\"og:type\" content=\"article\" \/>\n<meta property=\"og:title\" content=\"Buy %Bread from C\u00e1diz online | Artisan nougats |% Casa Mira%\" \/>\n<meta property=\"og:description\" content=\"En nuestra tienda online podr\u00e1s comprar Bread from C\u00e1diz artesano, adem\u00e1s de un gran surtido de turrones, mazapanes, peladillas, etc.\" \/>\n<meta property=\"og:url\" content=\"https:\/\/casamiraes.agenciatlc.dev\/en\/product\/cadiz-marzipan-bread\/\" \/>\n<meta property=\"og:site_name\" content=\"Casa Mira\" \/>\n<meta property=\"article:publisher\" content=\"https:\/\/www.facebook.com\/CASA-MIRA-40961973871\/\" \/>\n<meta property=\"article:modified_time\" content=\"2025-10-31T15:03:19+00:00\" \/>\n<meta property=\"og:image\" content=\"https:\/\/casamiraes.agenciatlc.dev\/wp-content\/uploads\/2021\/02\/587x411_PAN-DE-CADIZ.png\" \/>\n\t<meta property=\"og:image:width\" content=\"587\" \/>\n\t<meta property=\"og:image:height\" content=\"411\" \/>\n\t<meta property=\"og:image:type\" content=\"image\/png\" \/>\n<meta name=\"twitter:card\" content=\"summary_large_image\" \/>\n<script type=\"application\/ld+json\" class=\"yoast-schema-graph\">{\"@context\":\"https:\/\/schema.org\",\"@graph\":[{\"@type\":\"WebPage\",\"@id\":\"https:\/\/casamiraes.agenciatlc.dev\/en\/product\/cadiz-marzipan-bread\/\",\"url\":\"https:\/\/casamiraes.agenciatlc.dev\/en\/product\/cadiz-marzipan-bread\/\",\"name\":\"Buy %Bread from C\u00e1diz online | Artisan nougats |% Casa Mira%\",\"isPartOf\":{\"@id\":\"https:\/\/casamiraes.agenciatlc.dev\/en\/#website\"},\"primaryImageOfPage\":{\"@id\":\"https:\/\/casamiraes.agenciatlc.dev\/en\/product\/cadiz-marzipan-bread\/#primaryimage\"},\"image\":{\"@id\":\"https:\/\/casamiraes.agenciatlc.dev\/en\/product\/cadiz-marzipan-bread\/#primaryimage\"},\"thumbnailUrl\":\"https:\/\/casamiraes.agenciatlc.dev\/wp-content\/uploads\/2021\/02\/587x411_PAN-DE-CADIZ.png\",\"datePublished\":\"2020-11-03T12:16:29+00:00\",\"dateModified\":\"2025-10-31T15:03:19+00:00\",\"description\":\"En nuestra tienda online podr\u00e1s comprar Bread from C\u00e1diz artesano, adem\u00e1s de un gran surtido de turrones, mazapanes, peladillas, etc.\",\"breadcrumb\":{\"@id\":\"https:\/\/casamiraes.agenciatlc.dev\/en\/product\/cadiz-marzipan-bread\/#breadcrumb\"},\"inLanguage\":\"en-US\",\"potentialAction\":[{\"@type\":\"ReadAction\",\"target\":[\"https:\/\/casamiraes.agenciatlc.dev\/en\/product\/cadiz-marzipan-bread\/\"]}]},{\"@type\":\"ImageObject\",\"inLanguage\":\"en-US\",\"@id\":\"https:\/\/casamiraes.agenciatlc.dev\/en\/product\/cadiz-marzipan-bread\/#primaryimage\",\"url\":\"https:\/\/casamiraes.agenciatlc.dev\/wp-content\/uploads\/2021\/02\/587x411_PAN-DE-CADIZ.png\",\"contentUrl\":\"https:\/\/casamiraes.agenciatlc.dev\/wp-content\/uploads\/2021\/02\/587x411_PAN-DE-CADIZ.png\",\"width\":587,\"height\":411},{\"@type\":\"BreadcrumbList\",\"@id\":\"https:\/\/casamiraes.agenciatlc.dev\/en\/product\/cadiz-marzipan-bread\/#breadcrumb\",\"itemListElement\":[{\"@type\":\"ListItem\",\"position\":1,\"name\":\"Home\",\"item\":\"https:\/\/casamiraes.agenciatlc.dev\/en\/home\/\"},{\"@type\":\"ListItem\",\"position\":2,\"name\":\"Store\",\"item\":\"https:\/\/casamiraes.agenciatlc.dev\/en\/shop\/\"},{\"@type\":\"ListItem\",\"position\":3,\"name\":\"Bread from C\u00e1diz\"}]},{\"@type\":\"WebSite\",\"@id\":\"https:\/\/casamiraes.agenciatlc.dev\/en\/#website\",\"url\":\"https:\/\/casamiraes.agenciatlc.dev\/en\/\",\"name\":\"Casa Mira\",\"description\":\"\",\"publisher\":{\"@id\":\"https:\/\/casamiraes.agenciatlc.dev\/en\/#organization\"},\"potentialAction\":[{\"@type\":\"SearchAction\",\"target\":{\"@type\":\"EntryPoint\",\"urlTemplate\":\"https:\/\/casamiraes.agenciatlc.dev\/en\/?s={search_term_string}\"},\"query-input\":{\"@type\":\"PropertyValueSpecification\",\"valueRequired\":true,\"valueName\":\"search_term_string\"}}],\"inLanguage\":\"en-US\"},{\"@type\":\"Organization\",\"@id\":\"https:\/\/casamiraes.agenciatlc.dev\/en\/#organization\",\"name\":\"Casa Mira\",\"url\":\"https:\/\/casamiraes.agenciatlc.dev\/en\/\",\"logo\":{\"@type\":\"ImageObject\",\"inLanguage\":\"en-US\",\"@id\":\"https:\/\/casamiraes.agenciatlc.dev\/en\/#\/schema\/logo\/image\/\",\"url\":\"https:\/\/casamiraes.agenciatlc.dev\/wp-content\/uploads\/2020\/09\/logo.png\",\"contentUrl\":\"https:\/\/casamiraes.agenciatlc.dev\/wp-content\/uploads\/2020\/09\/logo.png\",\"width\":280,\"height\":130,\"caption\":\"Casa Mira\"},\"image\":{\"@id\":\"https:\/\/casamiraes.agenciatlc.dev\/en\/#\/schema\/logo\/image\/\"},\"sameAs\":[\"https:\/\/www.facebook.com\/CASA-MIRA-40961973871\/\",\"https:\/\/www.instagram.com\/casamiramadrid\/\",\"https:\/\/es.wikipedia.org\/wiki\/Casa_Mira\"]}]}<\/script>\n<!-- \/ Yoast SEO plugin. -->","yoast_head_json":{"title":"Buy %Bread from C\u00e1diz online | Artisan nougats |% Casa Mira%","description":"En nuestra tienda online podr\u00e1s comprar Bread from C\u00e1diz artesano, adem\u00e1s de un gran surtido de turrones, mazapanes, peladillas, etc.","robots":{"index":"index","follow":"follow","max-snippet":"max-snippet:-1","max-image-preview":"max-image-preview:large","max-video-preview":"max-video-preview:-1"},"canonical":"https:\/\/casamiraes.agenciatlc.dev\/en\/product\/cadiz-marzipan-bread\/","og_locale":"en_US","og_type":"article","og_title":"Buy %Bread from C\u00e1diz online | Artisan nougats |% Casa Mira%","og_description":"En nuestra tienda online podr\u00e1s comprar Bread from C\u00e1diz artesano, adem\u00e1s de un gran surtido de turrones, mazapanes, peladillas, etc.","og_url":"https:\/\/casamiraes.agenciatlc.dev\/en\/product\/cadiz-marzipan-bread\/","og_site_name":"Casa Mira","article_publisher":"https:\/\/www.facebook.com\/CASA-MIRA-40961973871\/","article_modified_time":"2025-10-31T15:03:19+00:00","og_image":[{"width":587,"height":411,"url":"https:\/\/casamiraes.agenciatlc.dev\/wp-content\/uploads\/2021\/02\/587x411_PAN-DE-CADIZ.png","type":"image\/png"}],"twitter_card":"summary_large_image","schema":{"@context":"https:\/\/schema.org","@graph":[{"@type":"WebPage","@id":"https:\/\/casamiraes.agenciatlc.dev\/en\/product\/cadiz-marzipan-bread\/","url":"https:\/\/casamiraes.agenciatlc.dev\/en\/product\/cadiz-marzipan-bread\/","name":"Buy %Bread from C\u00e1diz online | Artisan nougats |% Casa Mira%","isPartOf":{"@id":"https:\/\/casamiraes.agenciatlc.dev\/en\/#website"},"primaryImageOfPage":{"@id":"https:\/\/casamiraes.agenciatlc.dev\/en\/product\/cadiz-marzipan-bread\/#primaryimage"},"image":{"@id":"https:\/\/casamiraes.agenciatlc.dev\/en\/product\/cadiz-marzipan-bread\/#primaryimage"},"thumbnailUrl":"https:\/\/casamiraes.agenciatlc.dev\/wp-content\/uploads\/2021\/02\/587x411_PAN-DE-CADIZ.png","datePublished":"2020-11-03T12:16:29+00:00","dateModified":"2025-10-31T15:03:19+00:00","description":"En nuestra tienda online podr\u00e1s comprar Bread from C\u00e1diz artesano, adem\u00e1s de un gran surtido de turrones, mazapanes, peladillas, etc.","breadcrumb":{"@id":"https:\/\/casamiraes.agenciatlc.dev\/en\/product\/cadiz-marzipan-bread\/#breadcrumb"},"inLanguage":"en-US","potentialAction":[{"@type":"ReadAction","target":["https:\/\/casamiraes.agenciatlc.dev\/en\/product\/cadiz-marzipan-bread\/"]}]},{"@type":"ImageObject","inLanguage":"en-US","@id":"https:\/\/casamiraes.agenciatlc.dev\/en\/product\/cadiz-marzipan-bread\/#primaryimage","url":"https:\/\/casamiraes.agenciatlc.dev\/wp-content\/uploads\/2021\/02\/587x411_PAN-DE-CADIZ.png","contentUrl":"https:\/\/casamiraes.agenciatlc.dev\/wp-content\/uploads\/2021\/02\/587x411_PAN-DE-CADIZ.png","width":587,"height":411},{"@type":"BreadcrumbList","@id":"https:\/\/casamiraes.agenciatlc.dev\/en\/product\/cadiz-marzipan-bread\/#breadcrumb","itemListElement":[{"@type":"ListItem","position":1,"name":"Home","item":"https:\/\/casamiraes.agenciatlc.dev\/en\/home\/"},{"@type":"ListItem","position":2,"name":"Store","item":"https:\/\/casamiraes.agenciatlc.dev\/en\/shop\/"},{"@type":"ListItem","position":3,"name":"Bread from C\u00e1diz"}]},{"@type":"WebSite","@id":"https:\/\/casamiraes.agenciatlc.dev\/en\/#website","url":"https:\/\/casamiraes.agenciatlc.dev\/en\/","name":"Casa Mira","description":"","publisher":{"@id":"https:\/\/casamiraes.agenciatlc.dev\/en\/#organization"},"potentialAction":[{"@type":"SearchAction","target":{"@type":"EntryPoint","urlTemplate":"https:\/\/casamiraes.agenciatlc.dev\/en\/?s={search_term_string}"},"query-input":{"@type":"PropertyValueSpecification","valueRequired":true,"valueName":"search_term_string"}}],"inLanguage":"en-US"},{"@type":"Organization","@id":"https:\/\/casamiraes.agenciatlc.dev\/en\/#organization","name":"Casa Mira","url":"https:\/\/casamiraes.agenciatlc.dev\/en\/","logo":{"@type":"ImageObject","inLanguage":"en-US","@id":"https:\/\/casamiraes.agenciatlc.dev\/en\/#\/schema\/logo\/image\/","url":"https:\/\/casamiraes.agenciatlc.dev\/wp-content\/uploads\/2020\/09\/logo.png","contentUrl":"https:\/\/casamiraes.agenciatlc.dev\/wp-content\/uploads\/2020\/09\/logo.png","width":280,"height":130,"caption":"Casa Mira"},"image":{"@id":"https:\/\/casamiraes.agenciatlc.dev\/en\/#\/schema\/logo\/image\/"},"sameAs":["https:\/\/www.facebook.com\/CASA-MIRA-40961973871\/","https:\/\/www.instagram.com\/casamiramadrid\/","https:\/\/es.wikipedia.org\/wiki\/Casa_Mira"]}]}},"jetpack_sharing_enabled":true,"_links":{"self":[{"href":"https:\/\/casamiraes.agenciatlc.dev\/en\/wp-json\/wp\/v2\/product\/2588","targetHints":{"allow":["GET"]}}],"collection":[{"href":"https:\/\/casamiraes.agenciatlc.dev\/en\/wp-json\/wp\/v2\/product"}],"about":[{"href":"https:\/\/casamiraes.agenciatlc.dev\/en\/wp-json\/wp\/v2\/types\/product"}],"version-history":[{"count":2,"href":"https:\/\/casamiraes.agenciatlc.dev\/en\/wp-json\/wp\/v2\/product\/2588\/revisions"}],"predecessor-version":[{"id":22539,"href":"https:\/\/casamiraes.agenciatlc.dev\/en\/wp-json\/wp\/v2\/product\/2588\/revisions\/22539"}],"wp:featuredmedia":[{"embeddable":true,"href":"https:\/\/casamiraes.agenciatlc.dev\/en\/wp-json\/wp\/v2\/media\/2718"}],"wp:attachment":[{"href":"https:\/\/casamiraes.agenciatlc.dev\/en\/wp-json\/wp\/v2\/media?parent=2588"}],"wp:term":[{"taxonomy":"categoria","embeddable":true,"href":"https:\/\/casamiraes.agenciatlc.dev\/en\/wp-json\/wp\/v2\/categoria?post=2588"},{"taxonomy":"product_brand","embeddable":true,"href":"https:\/\/casamiraes.agenciatlc.dev\/en\/wp-json\/wp\/v2\/product_brand?post=2588"},{"taxonomy":"product_cat","embeddable":true,"href":"https:\/\/casamiraes.agenciatlc.dev\/en\/wp-json\/wp\/v2\/product_cat?post=2588"},{"taxonomy":"product_tag","embeddable":true,"href":"https:\/\/casamiraes.agenciatlc.dev\/en\/wp-json\/wp\/v2\/product_tag?post=2588"}],"curies":[{"name":"wp","href":"https:\/\/api.w.org\/{rel}","templated":true}]}}