{"id":20751,"date":"2025-02-28T08:53:29","date_gmt":"2025-02-28T07:53:29","guid":{"rendered":"https:\/\/casamira2025.casamiraes.agenciatlc.dev\/producto\/bombon-with-jijona-nougat-supreme\/"},"modified":"2025-10-21T10:52:49","modified_gmt":"2025-10-21T09:52:49","slug":"bombon-with-jijona-nougat-supreme","status":"publish","type":"product","link":"https:\/\/casamiraes.agenciatlc.dev\/en\/product\/bombon-with-jijona-nougat-supreme\/","title":{"rendered":"Bomb\u00f3n with Jijona Nougat Supreme"},"content":{"rendered":"<p>INGREDIENTS: Milk chocolate coating (sugar, cocoa butter, powdered milk, cocoa paste, emulsifier (soy lecithin) and vanilla flavor), 70% almond Jijona nougat (34%) (Almond from the Mediterranean basin, orange blossom honey (18%), sugar and egg albumin) and white chocolate coating (sugar, lard, powdered milk, emulsifier (soy lecithin) and flavor).<\/p>\n<p>May contain traces of peanuts and other nuts. Gluten free. <\/p>\n<p>STORAGE: Room temperature\/Fresh and dry.<\/p>\n<p>SHELF LIFE: 9 months from packaging.<\/p>\n<p>PRESENTATION:<\/p>\n<p>Net weight: 1kg, 250gr, 500gr<\/p>\n<p>PUM: 58\u20ac\/kg<\/p>\n","protected":false},"excerpt":{"rendered":"<p>INGREDIENTS: Milk chocolate coating (sugar, cocoa butter, powdered milk, cocoa paste, emulsifier (soy lecithin) and vanilla flavor), 70% almond Jijona nougat (34%) (Almond from the Mediterranean basin, orange blossom honey (18%), sugar and egg albumin) and white chocolate coating (sugar, lard, powdered milk, emulsifier (soy lecithin) and flavor). May contain traces of peanuts and other [&hellip;]<\/p>\n","protected":false},"featured_media":14465,"template":"","meta":{"_acf_changed":false,"_glsr_average":0,"_glsr_ranking":0,"_glsr_reviews":0},"categoria":[],"product_brand":[],"product_cat":[596],"product_tag":[],"class_list":{"0":"post-20751","1":"product","2":"type-product","3":"status-publish","4":"has-post-thumbnail","6":"product_cat-bombones-en","8":"first","9":"instock","10":"taxable","11":"shipping-taxable","12":"purchasable","13":"product-type-variable"},"acf":[],"yoast_head":"<!-- This site is optimized with the Yoast SEO plugin v26.1.1 - https:\/\/yoast.com\/wordpress\/plugins\/seo\/ -->\n<title>Bomb\u00f3n with Jijona Nougat Supreme | Bombones | Casa Mira<\/title>\n<meta name=\"description\" content=\"En nuestra tienda online podr\u00e1s comprar Bomb\u00f3n with Jijona Nougat Supreme artesano, adem\u00e1s de un gran surtido de turrones, mazapanes, peladillas, etc.\" \/>\n<meta name=\"robots\" content=\"index, follow, max-snippet:-1, max-image-preview:large, max-video-preview:-1\" \/>\n<link rel=\"canonical\" href=\"https:\/\/casamiraes.agenciatlc.dev\/en\/product\/bombon-with-jijona-nougat-supreme\/\" \/>\n<meta property=\"og:locale\" content=\"en_US\" \/>\n<meta property=\"og:type\" content=\"article\" \/>\n<meta property=\"og:title\" content=\"Bomb\u00f3n with Jijona Nougat Supreme | Bombones | Casa Mira\" \/>\n<meta property=\"og:description\" content=\"En nuestra tienda online podr\u00e1s comprar Bomb\u00f3n with Jijona Nougat Supreme artesano, adem\u00e1s de un gran surtido de turrones, mazapanes, peladillas, etc.\" \/>\n<meta property=\"og:url\" content=\"https:\/\/casamiraes.agenciatlc.dev\/en\/product\/bombon-with-jijona-nougat-supreme\/\" \/>\n<meta property=\"og:site_name\" content=\"Casa Mira\" \/>\n<meta property=\"article:publisher\" content=\"https:\/\/www.facebook.com\/CASA-MIRA-40961973871\/\" \/>\n<meta property=\"article:modified_time\" content=\"2025-10-21T09:52:49+00:00\" \/>\n<meta property=\"og:image\" content=\"https:\/\/casamiraes.agenciatlc.dev\/wp-content\/uploads\/2025\/02\/Diseno-sin-titulo.png\" \/>\n\t<meta property=\"og:image:width\" content=\"1200\" \/>\n\t<meta property=\"og:image:height\" content=\"1000\" \/>\n\t<meta property=\"og:image:type\" content=\"image\/png\" \/>\n<meta name=\"twitter:card\" content=\"summary_large_image\" \/>\n<script type=\"application\/ld+json\" class=\"yoast-schema-graph\">{\"@context\":\"https:\/\/schema.org\",\"@graph\":[{\"@type\":\"WebPage\",\"@id\":\"https:\/\/casamiraes.agenciatlc.dev\/en\/product\/bombon-with-jijona-nougat-supreme\/\",\"url\":\"https:\/\/casamiraes.agenciatlc.dev\/en\/product\/bombon-with-jijona-nougat-supreme\/\",\"name\":\"Bomb\u00f3n with Jijona Nougat Supreme | Bombones | Casa Mira\",\"isPartOf\":{\"@id\":\"https:\/\/casamiraes.agenciatlc.dev\/en\/#website\"},\"primaryImageOfPage\":{\"@id\":\"https:\/\/casamiraes.agenciatlc.dev\/en\/product\/bombon-with-jijona-nougat-supreme\/#primaryimage\"},\"image\":{\"@id\":\"https:\/\/casamiraes.agenciatlc.dev\/en\/product\/bombon-with-jijona-nougat-supreme\/#primaryimage\"},\"thumbnailUrl\":\"https:\/\/casamiraes.agenciatlc.dev\/wp-content\/uploads\/2025\/02\/Diseno-sin-titulo.png\",\"datePublished\":\"2025-02-28T07:53:29+00:00\",\"dateModified\":\"2025-10-21T09:52:49+00:00\",\"description\":\"En nuestra tienda online podr\u00e1s comprar Bomb\u00f3n with Jijona Nougat Supreme artesano, adem\u00e1s de un gran surtido de turrones, mazapanes, peladillas, etc.\",\"breadcrumb\":{\"@id\":\"https:\/\/casamiraes.agenciatlc.dev\/en\/product\/bombon-with-jijona-nougat-supreme\/#breadcrumb\"},\"inLanguage\":\"en-US\",\"potentialAction\":[{\"@type\":\"ReadAction\",\"target\":[\"https:\/\/casamiraes.agenciatlc.dev\/en\/product\/bombon-with-jijona-nougat-supreme\/\"]}]},{\"@type\":\"ImageObject\",\"inLanguage\":\"en-US\",\"@id\":\"https:\/\/casamiraes.agenciatlc.dev\/en\/product\/bombon-with-jijona-nougat-supreme\/#primaryimage\",\"url\":\"https:\/\/casamiraes.agenciatlc.dev\/wp-content\/uploads\/2025\/02\/Diseno-sin-titulo.png\",\"contentUrl\":\"https:\/\/casamiraes.agenciatlc.dev\/wp-content\/uploads\/2025\/02\/Diseno-sin-titulo.png\",\"width\":1200,\"height\":1000,\"caption\":\"Untitled design\"},{\"@type\":\"BreadcrumbList\",\"@id\":\"https:\/\/casamiraes.agenciatlc.dev\/en\/product\/bombon-with-jijona-nougat-supreme\/#breadcrumb\",\"itemListElement\":[{\"@type\":\"ListItem\",\"position\":1,\"name\":\"Home\",\"item\":\"https:\/\/casamiraes.agenciatlc.dev\/en\/home\/\"},{\"@type\":\"ListItem\",\"position\":2,\"name\":\"Store\",\"item\":\"https:\/\/casamiraes.agenciatlc.dev\/en\/shop\/\"},{\"@type\":\"ListItem\",\"position\":3,\"name\":\"Bomb\u00f3n with Jijona Nougat Supreme\"}]},{\"@type\":\"WebSite\",\"@id\":\"https:\/\/casamiraes.agenciatlc.dev\/en\/#website\",\"url\":\"https:\/\/casamiraes.agenciatlc.dev\/en\/\",\"name\":\"Casa Mira\",\"description\":\"\",\"publisher\":{\"@id\":\"https:\/\/casamiraes.agenciatlc.dev\/en\/#organization\"},\"potentialAction\":[{\"@type\":\"SearchAction\",\"target\":{\"@type\":\"EntryPoint\",\"urlTemplate\":\"https:\/\/casamiraes.agenciatlc.dev\/en\/?s={search_term_string}\"},\"query-input\":{\"@type\":\"PropertyValueSpecification\",\"valueRequired\":true,\"valueName\":\"search_term_string\"}}],\"inLanguage\":\"en-US\"},{\"@type\":\"Organization\",\"@id\":\"https:\/\/casamiraes.agenciatlc.dev\/en\/#organization\",\"name\":\"Casa Mira\",\"url\":\"https:\/\/casamiraes.agenciatlc.dev\/en\/\",\"logo\":{\"@type\":\"ImageObject\",\"inLanguage\":\"en-US\",\"@id\":\"https:\/\/casamiraes.agenciatlc.dev\/en\/#\/schema\/logo\/image\/\",\"url\":\"https:\/\/casamiraes.agenciatlc.dev\/wp-content\/uploads\/2020\/09\/logo.png\",\"contentUrl\":\"https:\/\/casamiraes.agenciatlc.dev\/wp-content\/uploads\/2020\/09\/logo.png\",\"width\":280,\"height\":130,\"caption\":\"Casa Mira\"},\"image\":{\"@id\":\"https:\/\/casamiraes.agenciatlc.dev\/en\/#\/schema\/logo\/image\/\"},\"sameAs\":[\"https:\/\/www.facebook.com\/CASA-MIRA-40961973871\/\",\"https:\/\/www.instagram.com\/casamiramadrid\/\",\"https:\/\/es.wikipedia.org\/wiki\/Casa_Mira\"]}]}<\/script>\n<!-- \/ Yoast SEO plugin. -->","yoast_head_json":{"title":"Bomb\u00f3n with Jijona Nougat Supreme | Bombones | Casa Mira","description":"En nuestra tienda online podr\u00e1s comprar Bomb\u00f3n with Jijona Nougat Supreme artesano, adem\u00e1s de un gran surtido de turrones, mazapanes, peladillas, etc.","robots":{"index":"index","follow":"follow","max-snippet":"max-snippet:-1","max-image-preview":"max-image-preview:large","max-video-preview":"max-video-preview:-1"},"canonical":"https:\/\/casamiraes.agenciatlc.dev\/en\/product\/bombon-with-jijona-nougat-supreme\/","og_locale":"en_US","og_type":"article","og_title":"Bomb\u00f3n with Jijona Nougat Supreme | Bombones | Casa Mira","og_description":"En nuestra tienda online podr\u00e1s comprar Bomb\u00f3n with Jijona Nougat Supreme artesano, adem\u00e1s de un gran surtido de turrones, mazapanes, peladillas, etc.","og_url":"https:\/\/casamiraes.agenciatlc.dev\/en\/product\/bombon-with-jijona-nougat-supreme\/","og_site_name":"Casa Mira","article_publisher":"https:\/\/www.facebook.com\/CASA-MIRA-40961973871\/","article_modified_time":"2025-10-21T09:52:49+00:00","og_image":[{"width":1200,"height":1000,"url":"https:\/\/casamiraes.agenciatlc.dev\/wp-content\/uploads\/2025\/02\/Diseno-sin-titulo.png","type":"image\/png"}],"twitter_card":"summary_large_image","schema":{"@context":"https:\/\/schema.org","@graph":[{"@type":"WebPage","@id":"https:\/\/casamiraes.agenciatlc.dev\/en\/product\/bombon-with-jijona-nougat-supreme\/","url":"https:\/\/casamiraes.agenciatlc.dev\/en\/product\/bombon-with-jijona-nougat-supreme\/","name":"Bomb\u00f3n with Jijona Nougat Supreme | Bombones | Casa Mira","isPartOf":{"@id":"https:\/\/casamiraes.agenciatlc.dev\/en\/#website"},"primaryImageOfPage":{"@id":"https:\/\/casamiraes.agenciatlc.dev\/en\/product\/bombon-with-jijona-nougat-supreme\/#primaryimage"},"image":{"@id":"https:\/\/casamiraes.agenciatlc.dev\/en\/product\/bombon-with-jijona-nougat-supreme\/#primaryimage"},"thumbnailUrl":"https:\/\/casamiraes.agenciatlc.dev\/wp-content\/uploads\/2025\/02\/Diseno-sin-titulo.png","datePublished":"2025-02-28T07:53:29+00:00","dateModified":"2025-10-21T09:52:49+00:00","description":"En nuestra tienda online podr\u00e1s comprar Bomb\u00f3n with Jijona Nougat Supreme artesano, adem\u00e1s de un gran surtido de turrones, mazapanes, peladillas, etc.","breadcrumb":{"@id":"https:\/\/casamiraes.agenciatlc.dev\/en\/product\/bombon-with-jijona-nougat-supreme\/#breadcrumb"},"inLanguage":"en-US","potentialAction":[{"@type":"ReadAction","target":["https:\/\/casamiraes.agenciatlc.dev\/en\/product\/bombon-with-jijona-nougat-supreme\/"]}]},{"@type":"ImageObject","inLanguage":"en-US","@id":"https:\/\/casamiraes.agenciatlc.dev\/en\/product\/bombon-with-jijona-nougat-supreme\/#primaryimage","url":"https:\/\/casamiraes.agenciatlc.dev\/wp-content\/uploads\/2025\/02\/Diseno-sin-titulo.png","contentUrl":"https:\/\/casamiraes.agenciatlc.dev\/wp-content\/uploads\/2025\/02\/Diseno-sin-titulo.png","width":1200,"height":1000,"caption":"Untitled design"},{"@type":"BreadcrumbList","@id":"https:\/\/casamiraes.agenciatlc.dev\/en\/product\/bombon-with-jijona-nougat-supreme\/#breadcrumb","itemListElement":[{"@type":"ListItem","position":1,"name":"Home","item":"https:\/\/casamiraes.agenciatlc.dev\/en\/home\/"},{"@type":"ListItem","position":2,"name":"Store","item":"https:\/\/casamiraes.agenciatlc.dev\/en\/shop\/"},{"@type":"ListItem","position":3,"name":"Bomb\u00f3n with Jijona Nougat Supreme"}]},{"@type":"WebSite","@id":"https:\/\/casamiraes.agenciatlc.dev\/en\/#website","url":"https:\/\/casamiraes.agenciatlc.dev\/en\/","name":"Casa Mira","description":"","publisher":{"@id":"https:\/\/casamiraes.agenciatlc.dev\/en\/#organization"},"potentialAction":[{"@type":"SearchAction","target":{"@type":"EntryPoint","urlTemplate":"https:\/\/casamiraes.agenciatlc.dev\/en\/?s={search_term_string}"},"query-input":{"@type":"PropertyValueSpecification","valueRequired":true,"valueName":"search_term_string"}}],"inLanguage":"en-US"},{"@type":"Organization","@id":"https:\/\/casamiraes.agenciatlc.dev\/en\/#organization","name":"Casa Mira","url":"https:\/\/casamiraes.agenciatlc.dev\/en\/","logo":{"@type":"ImageObject","inLanguage":"en-US","@id":"https:\/\/casamiraes.agenciatlc.dev\/en\/#\/schema\/logo\/image\/","url":"https:\/\/casamiraes.agenciatlc.dev\/wp-content\/uploads\/2020\/09\/logo.png","contentUrl":"https:\/\/casamiraes.agenciatlc.dev\/wp-content\/uploads\/2020\/09\/logo.png","width":280,"height":130,"caption":"Casa Mira"},"image":{"@id":"https:\/\/casamiraes.agenciatlc.dev\/en\/#\/schema\/logo\/image\/"},"sameAs":["https:\/\/www.facebook.com\/CASA-MIRA-40961973871\/","https:\/\/www.instagram.com\/casamiramadrid\/","https:\/\/es.wikipedia.org\/wiki\/Casa_Mira"]}]}},"jetpack_sharing_enabled":true,"_links":{"self":[{"href":"https:\/\/casamiraes.agenciatlc.dev\/en\/wp-json\/wp\/v2\/product\/20751","targetHints":{"allow":["GET"]}}],"collection":[{"href":"https:\/\/casamiraes.agenciatlc.dev\/en\/wp-json\/wp\/v2\/product"}],"about":[{"href":"https:\/\/casamiraes.agenciatlc.dev\/en\/wp-json\/wp\/v2\/types\/product"}],"version-history":[{"count":2,"href":"https:\/\/casamiraes.agenciatlc.dev\/en\/wp-json\/wp\/v2\/product\/20751\/revisions"}],"predecessor-version":[{"id":22005,"href":"https:\/\/casamiraes.agenciatlc.dev\/en\/wp-json\/wp\/v2\/product\/20751\/revisions\/22005"}],"wp:featuredmedia":[{"embeddable":true,"href":"https:\/\/casamiraes.agenciatlc.dev\/en\/wp-json\/wp\/v2\/media\/14465"}],"wp:attachment":[{"href":"https:\/\/casamiraes.agenciatlc.dev\/en\/wp-json\/wp\/v2\/media?parent=20751"}],"wp:term":[{"taxonomy":"categoria","embeddable":true,"href":"https:\/\/casamiraes.agenciatlc.dev\/en\/wp-json\/wp\/v2\/categoria?post=20751"},{"taxonomy":"product_brand","embeddable":true,"href":"https:\/\/casamiraes.agenciatlc.dev\/en\/wp-json\/wp\/v2\/product_brand?post=20751"},{"taxonomy":"product_cat","embeddable":true,"href":"https:\/\/casamiraes.agenciatlc.dev\/en\/wp-json\/wp\/v2\/product_cat?post=20751"},{"taxonomy":"product_tag","embeddable":true,"href":"https:\/\/casamiraes.agenciatlc.dev\/en\/wp-json\/wp\/v2\/product_tag?post=20751"}],"curies":[{"name":"wp","href":"https:\/\/api.w.org\/{rel}","templated":true}]}}