{"id":20811,"date":"2025-10-01T21:05:25","date_gmt":"2025-10-01T20:05:25","guid":{"rendered":"https:\/\/casamira2025.casamiraes.agenciatlc.dev\/contact\/"},"modified":"2025-12-23T17:00:39","modified_gmt":"2025-12-23T16:00:39","slug":"contact","status":"publish","type":"page","link":"https:\/\/casamiraes.agenciatlc.dev\/en\/contact\/","title":{"rendered":"Contact"},"content":{"rendered":"\t\t<div data-elementor-type=\"wp-page\" data-elementor-id=\"20811\" class=\"elementor elementor-20811 elementor-15834\" data-elementor-post-type=\"page\">\n\t\t\t\t<div class=\"elementor-element elementor-element-071ec16 e-con-full e-flex e-con e-parent\" data-id=\"071ec16\" data-element_type=\"container\" data-settings=\"{&quot;background_background&quot;:&quot;classic&quot;,&quot;motion_fx_motion_fx_scrolling&quot;:&quot;yes&quot;,&quot;motion_fx_opacity_effect&quot;:&quot;yes&quot;,&quot;motion_fx_opacity_direction&quot;:&quot;out-in-out&quot;,&quot;motion_fx_opacity_range&quot;:{&quot;unit&quot;:&quot;%&quot;,&quot;size&quot;:&quot;&quot;,&quot;sizes&quot;:{&quot;start&quot;:0,&quot;end&quot;:76}},&quot;motion_fx_opacity_level&quot;:{&quot;unit&quot;:&quot;px&quot;,&quot;size&quot;:10,&quot;sizes&quot;:[]},&quot;motion_fx_devices&quot;:[&quot;desktop&quot;,&quot;tablet&quot;,&quot;mobile&quot;]}\">\n\t\t<div class=\"elementor-element elementor-element-579a8de e-con-full glass-box e-flex e-con e-child\" data-id=\"579a8de\" data-element_type=\"container\" data-settings=\"{&quot;background_background&quot;:&quot;classic&quot;}\">\n\t\t\t\t<div class=\"elementor-element elementor-element-44350bf elementor-widget elementor-widget-image\" data-id=\"44350bf\" data-element_type=\"widget\" data-widget_type=\"image.default\">\n\t\t\t\t\t\t\t\t\t\t\t\t\t\t\t<img decoding=\"async\" width=\"228\" height=\"63\" src=\"https:\/\/casamiraes.agenciatlc.dev\/wp-content\/uploads\/2025\/08\/Logo-gold.png\" class=\"attachment-large size-large wp-image-15826\" alt=\"Gold logo\" \/>\t\t\t\t\t\t\t\t\t\t\t\t\t\t\t<\/div>\n\t\t\t\t<div class=\"elementor-element elementor-element-f996bff elementor-widget elementor-widget-heading\" data-id=\"f996bff\" data-element_type=\"widget\" data-widget_type=\"heading.default\">\n\t\t\t\t\t<h2 class=\"elementor-heading-title elementor-size-default\"><a href=\"https:\/\/maps.app.goo.gl\/FmdwV8ohB4wfsQ6w9\" target=\"_blank\">c\/ Carrera de San Jer\u00f3nimo N\u00ba 30\n28014, Madrid (in front of Las Cortes) <br><strong>Metro <\/strong>Sol y Sevilla <br>\n<\/a><\/h2>\t\t\t\t<\/div>\n\t\t\t\t<div class=\"elementor-element elementor-element-d2cf9a9 elementor-widget elementor-widget-heading\" data-id=\"d2cf9a9\" data-element_type=\"widget\" data-widget_type=\"heading.default\">\n\t\t\t\t\t<h2 class=\"elementor-heading-title elementor-size-default\"><a href=\"tel:914%20296%20796%20\">914 296 796 | 914 298 895 <br>\n<\/a><\/h2>\t\t\t\t<\/div>\n\t\t\t\t<div class=\"elementor-element elementor-element-b900bff elementor-widget elementor-widget-heading\" data-id=\"b900bff\" data-element_type=\"widget\" data-widget_type=\"heading.default\">\n\t\t\t\t\t<h2 class=\"elementor-heading-title elementor-size-default\"><a href=\"mailto:info@casamiraes.agenciatlc.dev?subject=Informaci\u00f3n&#038;body=Me%20gustaria%20obtener%20m\u00e1s%20informaci\u00f3n\"><span style=\"color: #DFA441;font-weight: bold\">info@casamiraes.agenciatlc.dev |<u> pedidos@casamiraes.agenciatlc.dev<\/u><\/span>\n<\/a><\/h2>\t\t\t\t<\/div>\n\t\t\t\t<\/div>\n\t\t\t\t<\/div>\n\t\t<div class=\"elementor-element elementor-element-1aa5a1f e-flex e-con-boxed e-con e-parent\" data-id=\"1aa5a1f\" data-element_type=\"container\">\n\t\t\t\t\t<div class=\"e-con-inner\">\n\t\t\t\t<div class=\"elementor-element elementor-element-9e81446 elementor-widget__width-inherit mapa-custom elementor-widget elementor-widget-html\" data-id=\"9e81446\" data-element_type=\"widget\" data-widget_type=\"html.default\">\n\t\t\t\t\t<iframe src=\"https:\/\/maps.google.com\/?q=CASA+MIRA+MADRID,+Carrera+de+San+Jer%C3%B3nimo+30,+28014+Madrid&amp;hl=es&amp;t=k&amp;z=18&amp;output=embed\" width=\"800\" height=\"300\" style=\"border:0;\" allowfullscreen=\"\" loading=\"lazy\">\r\n<\/iframe>\r\n\r\n\r\n\r\n\r\n\r\n\r\n\r\n\r\n\r\n\r\n\t\t\t\t<\/div>\n\t\t\t\t\t<\/div>\n\t\t\t\t<\/div>\n\t\t<div class=\"elementor-element elementor-element-c89022e e-flex e-con-boxed e-con e-parent\" data-id=\"c89022e\" data-element_type=\"container\">\n\t\t\t\t\t<div class=\"e-con-inner\">\n\t\t<div class=\"elementor-element elementor-element-37cac1c e-con-full e-flex e-con e-child\" data-id=\"37cac1c\" data-element_type=\"container\">\n\t\t\t\t<div class=\"elementor-element elementor-element-4bf9fec elementor-widget__width-initial elementor-widget elementor-widget-heading\" data-id=\"4bf9fec\" data-element_type=\"widget\" data-widget_type=\"heading.default\">\n\t\t\t\t\t<h2 class=\"elementor-heading-title elementor-size-default\">Schedule<\/h2>\t\t\t\t<\/div>\n\t\t\t\t<\/div>\n\t\t\t\t\t<\/div>\n\t\t\t\t<\/div>\n\t\t<div class=\"elementor-element elementor-element-5d17a07 e-flex e-con-boxed e-con e-child\" data-id=\"5d17a07\" data-element_type=\"container\">\n\t\t\t\t\t<div class=\"e-con-inner\">\n\t\t<div class=\"elementor-element elementor-element-89edc8f e-con-full e-flex e-con e-child\" data-id=\"89edc8f\" data-element_type=\"container\">\n\t\t\t\t<div class=\"elementor-element elementor-element-c960f5f elementor-widget__width-inherit elementor-view-default elementor-position-top elementor-mobile-position-top elementor-widget elementor-widget-icon-box\" data-id=\"c960f5f\" data-element_type=\"widget\" data-widget_type=\"icon-box.default\">\n\t\t\t\t\t\t\t<div class=\"elementor-icon-box-wrapper\">\n\n\t\t\t\t\t\t<div class=\"elementor-icon-box-icon\">\n\t\t\t\t<span  class=\"elementor-icon\">\n\t\t\t\t<svg aria-hidden=\"true\" class=\"e-font-icon-svg e-far-clock\" viewBox=\"0 0 512 512\" xmlns=\"http:\/\/www.w3.org\/2000\/svg\"><path d=\"M256 8C119 8 8 119 8 256s111 248 248 248 248-111 248-248S393 8 256 8zm0 448c-110.5 0-200-89.5-200-200S145.5 56 256 56s200 89.5 200 200-89.5 200-200 200zm61.8-104.4l-84.9-61.7c-3.1-2.3-4.9-5.9-4.9-9.7V116c0-6.6 5.4-12 12-12h32c6.6 0 12 5.4 12 12v141.7l66.8 48.6c5.4 3.9 6.5 11.4 2.6 16.8L334.6 349c-3.9 5.3-11.4 6.5-16.8 2.6z\"><\/path><\/svg>\t\t\t\t<\/span>\n\t\t\t<\/div>\n\t\t\t\n\t\t\t\t\t\t<div class=\"elementor-icon-box-content\">\n\n\t\t\t\t\t\t\t\t\t<h3 class=\"elementor-icon-box-title\">\n\t\t\t\t\t\t<span  >\n\t\t\t\t\t\t\tSchedule\t\t\t\t\t\t<\/span>\n\t\t\t\t\t<\/h3>\n\t\t\t\t\n\t\t\t\t\t\t\t\t\t<p class=\"elementor-icon-box-description\">\n\t\t\t\t\t\t<span style=\"font-weight: bolder\">Monday to Sunday<\/span><br>10:00 to 14:00 and 17:00 to 20:00\n\n\n\t\t\t\t\t<\/p>\n\t\t\t\t\n\t\t\t<\/div>\n\t\t\t\n\t\t<\/div>\n\t\t\t\t\t\t<\/div>\n\t\t\t\t<div class=\"elementor-element elementor-element-d43c892 elementor-widget__width-inherit elementor-view-default elementor-position-top elementor-mobile-position-top elementor-widget elementor-widget-icon-box\" data-id=\"d43c892\" data-element_type=\"widget\" data-widget_type=\"icon-box.default\">\n\t\t\t\t\t\t\t<div class=\"elementor-icon-box-wrapper\">\n\n\t\t\t\t\t\t<div class=\"elementor-icon-box-icon\">\n\t\t\t\t<span  class=\"elementor-icon\">\n\t\t\t\t<svg aria-hidden=\"true\" class=\"e-font-icon-svg e-far-clock\" viewBox=\"0 0 512 512\" xmlns=\"http:\/\/www.w3.org\/2000\/svg\"><path d=\"M256 8C119 8 8 119 8 256s111 248 248 248 248-111 248-248S393 8 256 8zm0 448c-110.5 0-200-89.5-200-200S145.5 56 256 56s200 89.5 200 200-89.5 200-200 200zm61.8-104.4l-84.9-61.7c-3.1-2.3-4.9-5.9-4.9-9.7V116c0-6.6 5.4-12 12-12h32c6.6 0 12 5.4 12 12v141.7l66.8 48.6c5.4 3.9 6.5 11.4 2.6 16.8L334.6 349c-3.9 5.3-11.4 6.5-16.8 2.6z\"><\/path><\/svg>\t\t\t\t<\/span>\n\t\t\t<\/div>\n\t\t\t\n\t\t\t\t\t\t<div class=\"elementor-icon-box-content\">\n\n\t\t\t\t\t\t\t\t\t<h3 class=\"elementor-icon-box-title\">\n\t\t\t\t\t\t<span  >\n\t\t\t\t\t\t\tChristmas Hours\t\t\t\t\t\t<\/span>\n\t\t\t\t\t<\/h3>\n\t\t\t\t\n\t\t\t\t\t\t\t\t\t<p class=\"elementor-icon-box-description\">\n\t\t\t\t\t\t<span style=\"font-weight: bolder\">1- December 12<\/span><span><\/span><br><span style=\"font-weight: bolder\">Monday to Sunday<\/span><span><\/span><br><span>9:30 am to 2:00 pm and 4:30 pm to 9:00 pm<\/span><br><span style=\"font-weight: bolder\">Special schedule from December 13 to 23<\/span><br><span>09:30 a 21:00<\/span><br><span style=\"font-weight: bolder\">December 24 and 31<\/span><span><\/span><br><span>09:30 a 14:00<\/span><br><span style=\"font-weight: bolder\">January 6th<\/span><br><span>10:00 a 14:00<\/span>\n\t\t\t\t\t<\/p>\n\t\t\t\t\n\t\t\t<\/div>\n\t\t\t\n\t\t<\/div>\n\t\t\t\t\t\t<\/div>\n\t\t\t\t<div class=\"elementor-element elementor-element-df44638 elementor-widget__width-inherit elementor-view-default elementor-position-top elementor-mobile-position-top elementor-widget elementor-widget-icon-box\" data-id=\"df44638\" data-element_type=\"widget\" data-widget_type=\"icon-box.default\">\n\t\t\t\t\t\t\t<div class=\"elementor-icon-box-wrapper\">\n\n\t\t\t\t\t\t<div class=\"elementor-icon-box-icon\">\n\t\t\t\t<span  class=\"elementor-icon\">\n\t\t\t\t<svg aria-hidden=\"true\" class=\"e-font-icon-svg e-far-clock\" viewBox=\"0 0 512 512\" xmlns=\"http:\/\/www.w3.org\/2000\/svg\"><path d=\"M256 8C119 8 8 119 8 256s111 248 248 248 248-111 248-248S393 8 256 8zm0 448c-110.5 0-200-89.5-200-200S145.5 56 256 56s200 89.5 200 200-89.5 200-200 200zm61.8-104.4l-84.9-61.7c-3.1-2.3-4.9-5.9-4.9-9.7V116c0-6.6 5.4-12 12-12h32c6.6 0 12 5.4 12 12v141.7l66.8 48.6c5.4 3.9 6.5 11.4 2.6 16.8L334.6 349c-3.9 5.3-11.4 6.5-16.8 2.6z\"><\/path><\/svg>\t\t\t\t<\/span>\n\t\t\t<\/div>\n\t\t\t\n\t\t\t\t\t\t<div class=\"elementor-icon-box-content\">\n\n\t\t\t\t\t\t\t\t\t<h3 class=\"elementor-icon-box-title\">\n\t\t\t\t\t\t<span  >\n\t\t\t\t\t\t\tSummer Hours\t\t\t\t\t\t<\/span>\n\t\t\t\t\t<\/h3>\n\t\t\t\t\n\t\t\t\t\t\t\t\t\t<p class=\"elementor-icon-box-description\">\n\t\t\t\t\t\t<span style=\"font-weight: bolder\">June and September<\/span><span><\/span><br><span>Monday to Saturday<\/span><br><span>10:00 to 14:00 and from 17:00 to 20:00<\/span><br><span>Sunday closed<\/span><br><span style=\"font-weight: bolder\">July and August<\/span><span><\/span><br><span>Closed<\/span><br>\n\t\t\t\t\t<\/p>\n\t\t\t\t\n\t\t\t<\/div>\n\t\t\t\n\t\t<\/div>\n\t\t\t\t\t\t<\/div>\n\t\t\t\t<\/div>\n\t\t\t\t\t<\/div>\n\t\t\t\t<\/div>\n\t\t<div class=\"elementor-element elementor-element-eb0c7ed e-flex e-con-boxed e-con e-parent\" data-id=\"eb0c7ed\" data-element_type=\"container\">\n\t\t\t\t\t<div class=\"e-con-inner\">\n\t\t\t\t<div class=\"elementor-element elementor-element-9555a61 elementor-widget elementor-widget-ucaddon_contact_form_7\" data-id=\"9555a61\" data-element_type=\"widget\" data-widget_type=\"ucaddon_contact_form_7.default\">\n\t\t\t\t<div class=\"elementor-widget-container\">\n\t\t\t\t\t\n<!-- start Contact Form 7 -->\n<style>\/* widget: Contact Form 7 *\/\n\n#uc_contact_form_7_elementor_9555a61 {\n  display: flex;  \n  flex-direction: column;\n}\n#uc_contact_form_7_elementor_9555a61 .wpcf7-list-item {\n    margin: 0 0 0 8px;\n}\n\n#uc_contact_form_7_elementor_9555a61 .wpcf7-form p:has(.wpcf7-submit){\n  display:flex;\n  flex-wrap: wrap;\n}\n\n#uc_contact_form_7_elementor_9555a61 .ue_contact_form_7 label{\n  display: block;\n}\n\n#uc_contact_form_7_elementor_9555a61 .wpcf7-checkbox, #uc_contact_form_7_elementor_9555a61 .wpcf7-radio{\n  display:flex;\n  flex-wrap: wrap;\n}\n\n#uc_contact_form_7_elementor_9555a61 .wpcf7-form-control-wrap{\n  display:flex;\n  width:100%;\n  flex-wrap: wrap;\n}\n\n\n#uc_contact_form_7_elementor_9555a61 .wpcf7-checkbox .wpcf7-list-item-label{\n  display: flex;\n  align-items: center;\n}\n#uc_contact_form_7_elementor_9555a61 .wpcf7-checkbox input{\n  position: absolute;\n  opacity: 0;\n}\n#uc_contact_form_7_elementor_9555a61 .wpcf7-checkbox input + .wpcf7-list-item-label{\n  position: relative;\n  cursor: pointer;\n  padding: 0;\n}\n#uc_contact_form_7_elementor_9555a61 .wpcf7-checkbox input + .wpcf7-list-item-label:before{\n  content: \"\";\n  display: inline-block;\n  vertical-align: text-top;\n  transition-duration: 300ms;\n}\n\n#uc_contact_form_7_elementor_9555a61 .wpcf7-checkbox input:checked + .wpcf7-list-item-label:after {\n  content: \"\";\n  position: absolute;\n  width:2px;\n  height:2px;\n  background: #ffffff;\n  box-shadow: 2px 0 0 #ffffff, 4px 0 0 #ffffff, 4px -2px 0 #ffffff, 4px -4px 0 #ffffff, 4px -6px 0 #ffffff, 4px -8px 0 #ffffff;\n  transform: rotate(45deg);\n}\n\n\n\n#uc_contact_form_7_elementor_9555a61 .wpcf7-acceptance .wpcf7-list-item-label{\n  display: flex;\n  align-items: center;\n}\n#uc_contact_form_7_elementor_9555a61 .wpcf7-acceptance input{\n  position: absolute;\n  opacity: 0;\n}\n#uc_contact_form_7_elementor_9555a61 .wpcf7-acceptance input + .wpcf7-list-item-label{\n  position: relative;\n  cursor: pointer;\n  padding: 0;\n}\n#uc_contact_form_7_elementor_9555a61 .wpcf7-acceptance input + .wpcf7-list-item-label:before{\n  flex-shrink: 0;\n  content: \"\";\n  display: inline-block;\n  vertical-align: text-top;\n  transition-duration: 300ms;\n}\n\n#uc_contact_form_7_elementor_9555a61 .wpcf7-acceptance input:checked + .wpcf7-list-item-label:after {\n  flex-shrink: 0;\n  content: \"\";\n  position: absolute;\n  width:2px;\n  height:2px;\n  background: #ffffff;\n  box-shadow: 2px 0 0 #ffffff, 4px 0 0 #ffffff, 4px -2px 0 #ffffff, 4px -4px 0 #ffffff, 4px -6px 0 #ffffff, 4px -8px 0 #ffffff;\n  transform: rotate(45deg);\n}\n\n.ue_contact_form_7 p > label{\n  line-height: inherit;\n}\n\n<\/style>\n\n<div id=\"uc_contact_form_7_elementor_9555a61\" class=\"ue_contact_form_7\">\n  <div class=\"ue_form_wrapper\">\n            \n    \n<div class=\"wpcf7 no-js\" id=\"wpcf7-f2465-o1\" lang=\"en-US\" dir=\"ltr\" data-wpcf7-id=\"2465\">\n<div class=\"screen-reader-response\"><p role=\"status\" aria-live=\"polite\" aria-atomic=\"true\"><\/p> <ul><\/ul><\/div>\n<form action=\"\/en\/wp-json\/wp\/v2\/pages\/20811#wpcf7-f2465-o1\" method=\"post\" class=\"wpcf7-form init wpcf7-acceptance-as-validation\" aria-label=\"Contact form\" novalidate=\"novalidate\" data-status=\"init\">\n<fieldset class=\"hidden-fields-container\"><input type=\"hidden\" name=\"_wpcf7\" value=\"2465\" \/><input type=\"hidden\" name=\"_wpcf7_version\" value=\"6.1.2\" \/><input type=\"hidden\" name=\"_wpcf7_locale\" value=\"en_US\" \/><input type=\"hidden\" name=\"_wpcf7_unit_tag\" value=\"wpcf7-f2465-o1\" \/><input type=\"hidden\" name=\"_wpcf7_container_post\" value=\"0\" \/><input type=\"hidden\" name=\"_wpcf7_posted_data_hash\" value=\"\" \/><input type=\"hidden\" name=\"_wpcf7_recaptcha_response\" value=\"\" \/>\n<\/fieldset>\n<p><span class=\"wpcf7-form-control-wrap\" data-name=\"name\"><input size=\"40\" maxlength=\"400\" class=\"wpcf7-form-control wpcf7-text wpcf7-validates-as-required\" aria-required=\"true\" aria-invalid=\"false\" placeholder=\"Name*\" value=\"\" type=\"text\" name=\"name\" \/><\/span>\n<\/p>\n<p><span class=\"wpcf7-form-control-wrap\" data-name=\"your-email-placeholder\"><input size=\"40\" maxlength=\"400\" class=\"wpcf7-form-control wpcf7-email wpcf7-validates-as-required wpcf7-text wpcf7-validates-as-email\" aria-required=\"true\" aria-invalid=\"false\" value=\"Email*\" type=\"email\" name=\"your-email-placeholder\" \/><\/span>\n<\/p>\n<p><span class=\"wpcf7-form-control-wrap\" data-name=\"telefono\"><input size=\"40\" maxlength=\"400\" class=\"wpcf7-form-control wpcf7-tel wpcf7-validates-as-required wpcf7-text wpcf7-validates-as-tel\" aria-required=\"true\" aria-invalid=\"false\" placeholder=\"Phone*\" value=\"\" type=\"tel\" name=\"telefono\" \/><\/span>\n<\/p>\n<p><span class=\"wpcf7-form-control-wrap\" data-name=\"Comentarios\"><textarea cols=\"40\" rows=\"10\" maxlength=\"2000\" class=\"wpcf7-form-control wpcf7-textarea\" aria-invalid=\"false\" placeholder=\"Write your message here...\" name=\"Comentarios\"><\/textarea><\/span>\n<\/p>\n<p class=\"gpdrcontacto\"><span class=\"wpcf7-form-control-wrap\" data-name=\"acceptance-596\"><span class=\"wpcf7-form-control wpcf7-acceptance\"><span class=\"wpcf7-list-item\"><label><input type=\"checkbox\" name=\"acceptance-596\" value=\"1\" aria-invalid=\"false\" \/><span class=\"wpcf7-list-item-label\">I accept the terms and conditions of the <a href=\"\/politica-de-privacidad-y-cookies\/\" target=\"_blank\" rel=\"nofollow\">privacy policy.<\/a><\/span><\/label><\/span><\/span><\/span>\n<\/p>\n<p class=\"gpdrcontacto\"><span class=\"wpcf7-form-control-wrap\" data-name=\"acceptance-274\"><span class=\"wpcf7-form-control wpcf7-acceptance optional\"><span class=\"wpcf7-list-item\"><label><input type=\"checkbox\" name=\"acceptance-274\" value=\"1\" aria-invalid=\"false\" \/><span class=\"wpcf7-list-item-label\">I agree to receive information about the services and products of HIJOS SUCESORES DE LUIS MIRA.<\/span><\/label><\/span><\/span><\/span>\n<\/p>\n<p><input class=\"wpcf7-form-control wpcf7-submit has-spinner buttonmira\" type=\"submit\" value=\"Send to\" \/>\n<\/p><div class=\"wpcf7-response-output\" aria-hidden=\"true\"><\/div>\n<\/form>\n<\/div>\n    \n  <\/div>\n<\/div>\n<!-- end Contact Form 7 -->\t\t\t\t<\/div>\n\t\t\t\t<\/div>\n\t\t\t\t\t<\/div>\n\t\t\t\t<\/div>\n\t\t\t\t<\/div>\n\t\t","protected":false},"excerpt":{"rendered":"<p>c\/ Carrera de San Jer\u00f3nimo N\u00ba 30 28014, Madrid (in front of Las Cortes) Metro Sol y Sevilla 914 296 796 | 914 298 895 info@casamiraes.agenciatlc.dev | pedidos@casamiraes.agenciatlc.dev Schedule Schedule Monday to Sunday10:00 to 14:00 and 17:00 to 20:00 Christmas Hours 1- December 12Monday to Sunday9:30 am to 2:00 pm and 4:30 pm to 9:00 [&hellip;]<\/p>\n","protected":false},"author":1,"featured_media":0,"parent":0,"menu_order":0,"comment_status":"closed","ping_status":"closed","template":"","meta":{"_acf_changed":false,"_glsr_average":0,"_glsr_ranking":0,"_glsr_reviews":0,"footnotes":""},"class_list":["post-20811","page","type-page","status-publish","hentry"],"acf":[],"yoast_head":"<!-- This site is optimized with the Yoast SEO plugin v26.1.1 - https:\/\/yoast.com\/wordpress\/plugins\/seo\/ -->\n<title>Contact | Casa Mira<\/title>\n<meta name=\"robots\" content=\"index, follow, max-snippet:-1, max-image-preview:large, max-video-preview:-1\" \/>\n<link rel=\"canonical\" href=\"https:\/\/casamiraes.agenciatlc.dev\/en\/contact\/\" \/>\n<meta property=\"og:locale\" content=\"en_US\" \/>\n<meta property=\"og:type\" content=\"article\" \/>\n<meta property=\"og:title\" content=\"Contact | Casa Mira\" \/>\n<meta property=\"og:description\" content=\"c\/ Carrera de San Jer\u00f3nimo N\u00ba 30 28014, Madrid (in front of Las Cortes) Metro Sol y Sevilla 914 296 796 | 914 298 895 info@casamiraes.agenciatlc.dev | pedidos@casamiraes.agenciatlc.dev Schedule Schedule Monday to Sunday10:00 to 14:00 and 17:00 to 20:00 Christmas Hours 1- December 12Monday to Sunday9:30 am to 2:00 pm and 4:30 pm to 9:00 [&hellip;]\" \/>\n<meta property=\"og:url\" content=\"https:\/\/casamiraes.agenciatlc.dev\/en\/contact\/\" \/>\n<meta property=\"og:site_name\" content=\"Casa Mira\" \/>\n<meta property=\"article:publisher\" content=\"https:\/\/www.facebook.com\/CASA-MIRA-40961973871\/\" \/>\n<meta property=\"article:modified_time\" content=\"2025-12-23T16:00:39+00:00\" \/>\n<meta property=\"og:image\" content=\"https:\/\/casamiraes.agenciatlc.dev\/wp-content\/uploads\/2025\/08\/Logo-gold.png\" \/>\n\t<meta property=\"og:image:width\" content=\"228\" \/>\n\t<meta property=\"og:image:height\" content=\"63\" \/>\n\t<meta property=\"og:image:type\" content=\"image\/png\" \/>\n<meta name=\"twitter:card\" content=\"summary_large_image\" \/>\n<meta name=\"twitter:label1\" content=\"Est. reading time\" \/>\n\t<meta name=\"twitter:data1\" content=\"1 minute\" \/>\n<script type=\"application\/ld+json\" class=\"yoast-schema-graph\">{\"@context\":\"https:\/\/schema.org\",\"@graph\":[{\"@type\":\"WebPage\",\"@id\":\"https:\/\/casamiraes.agenciatlc.dev\/en\/contact\/\",\"url\":\"https:\/\/casamiraes.agenciatlc.dev\/en\/contact\/\",\"name\":\"Contact | Casa Mira\",\"isPartOf\":{\"@id\":\"https:\/\/casamiraes.agenciatlc.dev\/en\/#website\"},\"primaryImageOfPage\":{\"@id\":\"https:\/\/casamiraes.agenciatlc.dev\/en\/contact\/#primaryimage\"},\"image\":{\"@id\":\"https:\/\/casamiraes.agenciatlc.dev\/en\/contact\/#primaryimage\"},\"thumbnailUrl\":\"https:\/\/casamiraes.agenciatlc.dev\/wp-content\/uploads\/2025\/08\/Logo-gold.png\",\"datePublished\":\"2025-10-01T20:05:25+00:00\",\"dateModified\":\"2025-12-23T16:00:39+00:00\",\"breadcrumb\":{\"@id\":\"https:\/\/casamiraes.agenciatlc.dev\/en\/contact\/#breadcrumb\"},\"inLanguage\":\"en-US\",\"potentialAction\":[{\"@type\":\"ReadAction\",\"target\":[\"https:\/\/casamiraes.agenciatlc.dev\/en\/contact\/\"]}]},{\"@type\":\"ImageObject\",\"inLanguage\":\"en-US\",\"@id\":\"https:\/\/casamiraes.agenciatlc.dev\/en\/contact\/#primaryimage\",\"url\":\"https:\/\/casamiraes.agenciatlc.dev\/wp-content\/uploads\/2025\/08\/Logo-gold.png\",\"contentUrl\":\"https:\/\/casamiraes.agenciatlc.dev\/wp-content\/uploads\/2025\/08\/Logo-gold.png\"},{\"@type\":\"BreadcrumbList\",\"@id\":\"https:\/\/casamiraes.agenciatlc.dev\/en\/contact\/#breadcrumb\",\"itemListElement\":[{\"@type\":\"ListItem\",\"position\":1,\"name\":\"Home\",\"item\":\"https:\/\/casamiraes.agenciatlc.dev\/en\/home\/\"},{\"@type\":\"ListItem\",\"position\":2,\"name\":\"Contact\"}]},{\"@type\":\"WebSite\",\"@id\":\"https:\/\/casamiraes.agenciatlc.dev\/en\/#website\",\"url\":\"https:\/\/casamiraes.agenciatlc.dev\/en\/\",\"name\":\"Casa Mira\",\"description\":\"\",\"publisher\":{\"@id\":\"https:\/\/casamiraes.agenciatlc.dev\/en\/#organization\"},\"potentialAction\":[{\"@type\":\"SearchAction\",\"target\":{\"@type\":\"EntryPoint\",\"urlTemplate\":\"https:\/\/casamiraes.agenciatlc.dev\/en\/?s={search_term_string}\"},\"query-input\":{\"@type\":\"PropertyValueSpecification\",\"valueRequired\":true,\"valueName\":\"search_term_string\"}}],\"inLanguage\":\"en-US\"},{\"@type\":\"Organization\",\"@id\":\"https:\/\/casamiraes.agenciatlc.dev\/en\/#organization\",\"name\":\"Casa Mira\",\"url\":\"https:\/\/casamiraes.agenciatlc.dev\/en\/\",\"logo\":{\"@type\":\"ImageObject\",\"inLanguage\":\"en-US\",\"@id\":\"https:\/\/casamiraes.agenciatlc.dev\/en\/#\/schema\/logo\/image\/\",\"url\":\"https:\/\/casamiraes.agenciatlc.dev\/wp-content\/uploads\/2020\/09\/logo.png\",\"contentUrl\":\"https:\/\/casamiraes.agenciatlc.dev\/wp-content\/uploads\/2020\/09\/logo.png\",\"width\":280,\"height\":130,\"caption\":\"Casa Mira\"},\"image\":{\"@id\":\"https:\/\/casamiraes.agenciatlc.dev\/en\/#\/schema\/logo\/image\/\"},\"sameAs\":[\"https:\/\/www.facebook.com\/CASA-MIRA-40961973871\/\",\"https:\/\/www.instagram.com\/casamiramadrid\/\",\"https:\/\/es.wikipedia.org\/wiki\/Casa_Mira\"]}]}<\/script>\n<!-- \/ Yoast SEO plugin. -->","yoast_head_json":{"title":"Contact | Casa Mira","robots":{"index":"index","follow":"follow","max-snippet":"max-snippet:-1","max-image-preview":"max-image-preview:large","max-video-preview":"max-video-preview:-1"},"canonical":"https:\/\/casamiraes.agenciatlc.dev\/en\/contact\/","og_locale":"en_US","og_type":"article","og_title":"Contact | Casa Mira","og_description":"c\/ Carrera de San Jer\u00f3nimo N\u00ba 30 28014, Madrid (in front of Las Cortes) Metro Sol y Sevilla 914 296 796 | 914 298 895 info@casamiraes.agenciatlc.dev | pedidos@casamiraes.agenciatlc.dev Schedule Schedule Monday to Sunday10:00 to 14:00 and 17:00 to 20:00 Christmas Hours 1- December 12Monday to Sunday9:30 am to 2:00 pm and 4:30 pm to 9:00 [&hellip;]","og_url":"https:\/\/casamiraes.agenciatlc.dev\/en\/contact\/","og_site_name":"Casa Mira","article_publisher":"https:\/\/www.facebook.com\/CASA-MIRA-40961973871\/","article_modified_time":"2025-12-23T16:00:39+00:00","og_image":[{"width":228,"height":63,"url":"https:\/\/casamiraes.agenciatlc.dev\/wp-content\/uploads\/2025\/08\/Logo-gold.png","type":"image\/png"}],"twitter_card":"summary_large_image","twitter_misc":{"Est. reading time":"1 minute"},"schema":{"@context":"https:\/\/schema.org","@graph":[{"@type":"WebPage","@id":"https:\/\/casamiraes.agenciatlc.dev\/en\/contact\/","url":"https:\/\/casamiraes.agenciatlc.dev\/en\/contact\/","name":"Contact | Casa Mira","isPartOf":{"@id":"https:\/\/casamiraes.agenciatlc.dev\/en\/#website"},"primaryImageOfPage":{"@id":"https:\/\/casamiraes.agenciatlc.dev\/en\/contact\/#primaryimage"},"image":{"@id":"https:\/\/casamiraes.agenciatlc.dev\/en\/contact\/#primaryimage"},"thumbnailUrl":"https:\/\/casamiraes.agenciatlc.dev\/wp-content\/uploads\/2025\/08\/Logo-gold.png","datePublished":"2025-10-01T20:05:25+00:00","dateModified":"2025-12-23T16:00:39+00:00","breadcrumb":{"@id":"https:\/\/casamiraes.agenciatlc.dev\/en\/contact\/#breadcrumb"},"inLanguage":"en-US","potentialAction":[{"@type":"ReadAction","target":["https:\/\/casamiraes.agenciatlc.dev\/en\/contact\/"]}]},{"@type":"ImageObject","inLanguage":"en-US","@id":"https:\/\/casamiraes.agenciatlc.dev\/en\/contact\/#primaryimage","url":"https:\/\/casamiraes.agenciatlc.dev\/wp-content\/uploads\/2025\/08\/Logo-gold.png","contentUrl":"https:\/\/casamiraes.agenciatlc.dev\/wp-content\/uploads\/2025\/08\/Logo-gold.png"},{"@type":"BreadcrumbList","@id":"https:\/\/casamiraes.agenciatlc.dev\/en\/contact\/#breadcrumb","itemListElement":[{"@type":"ListItem","position":1,"name":"Home","item":"https:\/\/casamiraes.agenciatlc.dev\/en\/home\/"},{"@type":"ListItem","position":2,"name":"Contact"}]},{"@type":"WebSite","@id":"https:\/\/casamiraes.agenciatlc.dev\/en\/#website","url":"https:\/\/casamiraes.agenciatlc.dev\/en\/","name":"Casa Mira","description":"","publisher":{"@id":"https:\/\/casamiraes.agenciatlc.dev\/en\/#organization"},"potentialAction":[{"@type":"SearchAction","target":{"@type":"EntryPoint","urlTemplate":"https:\/\/casamiraes.agenciatlc.dev\/en\/?s={search_term_string}"},"query-input":{"@type":"PropertyValueSpecification","valueRequired":true,"valueName":"search_term_string"}}],"inLanguage":"en-US"},{"@type":"Organization","@id":"https:\/\/casamiraes.agenciatlc.dev\/en\/#organization","name":"Casa Mira","url":"https:\/\/casamiraes.agenciatlc.dev\/en\/","logo":{"@type":"ImageObject","inLanguage":"en-US","@id":"https:\/\/casamiraes.agenciatlc.dev\/en\/#\/schema\/logo\/image\/","url":"https:\/\/casamiraes.agenciatlc.dev\/wp-content\/uploads\/2020\/09\/logo.png","contentUrl":"https:\/\/casamiraes.agenciatlc.dev\/wp-content\/uploads\/2020\/09\/logo.png","width":280,"height":130,"caption":"Casa Mira"},"image":{"@id":"https:\/\/casamiraes.agenciatlc.dev\/en\/#\/schema\/logo\/image\/"},"sameAs":["https:\/\/www.facebook.com\/CASA-MIRA-40961973871\/","https:\/\/www.instagram.com\/casamiramadrid\/","https:\/\/es.wikipedia.org\/wiki\/Casa_Mira"]}]}},"jetpack_sharing_enabled":true,"_links":{"self":[{"href":"https:\/\/casamiraes.agenciatlc.dev\/en\/wp-json\/wp\/v2\/pages\/20811","targetHints":{"allow":["GET"]}}],"collection":[{"href":"https:\/\/casamiraes.agenciatlc.dev\/en\/wp-json\/wp\/v2\/pages"}],"about":[{"href":"https:\/\/casamiraes.agenciatlc.dev\/en\/wp-json\/wp\/v2\/types\/page"}],"author":[{"embeddable":true,"href":"https:\/\/casamiraes.agenciatlc.dev\/en\/wp-json\/wp\/v2\/users\/1"}],"replies":[{"embeddable":true,"href":"https:\/\/casamiraes.agenciatlc.dev\/en\/wp-json\/wp\/v2\/comments?post=20811"}],"version-history":[{"count":5,"href":"https:\/\/casamiraes.agenciatlc.dev\/en\/wp-json\/wp\/v2\/pages\/20811\/revisions"}],"predecessor-version":[{"id":26077,"href":"https:\/\/casamiraes.agenciatlc.dev\/en\/wp-json\/wp\/v2\/pages\/20811\/revisions\/26077"}],"wp:attachment":[{"href":"https:\/\/casamiraes.agenciatlc.dev\/en\/wp-json\/wp\/v2\/media?parent=20811"}],"curies":[{"name":"wp","href":"https:\/\/api.w.org\/{rel}","templated":true}]}}